{"id":212,"date":"2024-10-03T19:25:40","date_gmt":"2024-10-03T19:25:40","guid":{"rendered":"https:\/\/hannatillmann.com\/?page_id=212"},"modified":"2025-02-25T16:35:54","modified_gmt":"2025-02-25T16:35:54","slug":"artist-statement","status":"publish","type":"page","link":"https:\/\/hannatillmann.com\/index.php\/artist-statement\/","title":{"rendered":"Artist statement"},"content":{"rendered":"\t\t<div data-elementor-type=\"wp-page\" data-elementor-id=\"212\" class=\"elementor elementor-212\" data-elementor-post-type=\"page\">\n\t\t\t\t\t\t<section class=\"elementor-section elementor-top-section elementor-element elementor-element-67d733a elementor-section-boxed elementor-section-height-default elementor-section-height-default\" data-id=\"67d733a\" data-element_type=\"section\">\n\t\t\t\t\t\t<div class=\"elementor-container elementor-column-gap-default\">\n\t\t\t\t\t<div class=\"elementor-column elementor-col-100 elementor-top-column elementor-element elementor-element-76f6c27\" data-id=\"76f6c27\" data-element_type=\"column\">\n\t\t\t<div class=\"elementor-widget-wrap elementor-element-populated\">\n\t\t\t\t\t\t<div class=\"elementor-element elementor-element-d41f3ac elementor-widget elementor-widget-heading\" data-id=\"d41f3ac\" data-element_type=\"widget\" data-widget_type=\"heading.default\">\n\t\t\t\t<div class=\"elementor-widget-container\">\n\t\t\t<h2 class=\"elementor-heading-title elementor-size-default\">Artist statement<\/h2>\t\t<\/div>\n\t\t\t\t<\/div>\n\t\t\t\t<div class=\"elementor-element elementor-element-e00e55e elementor-widget__width-initial elementor-widget elementor-widget-text-editor\" data-id=\"e00e55e\" data-element_type=\"widget\" data-widget_type=\"text-editor.default\">\n\t\t\t\t<div class=\"elementor-widget-container\">\n\t\t\t\t\t\t\t<p>Munk\u00e1ss\u00e1gomra \u00e1ltal\u00e1nosan jellemz\u0151 a pszich\u00e9 meg\u00e9rt\u00e9s\u00e9re val\u00f3 t\u00f6rekv\u00e9s az \u00e1lmok, f\u00e9lelmek \u00e9s a tudattalan vizu\u00e1lis megjelen\u00edt\u00e9se \u00e9s feldolgoz\u00e1sa \u00e1ltal. A grafika, a koll\u00e1zs \u00e9s az install\u00e1ci\u00f3 m\u00e9diumait haszn\u00e1lom.<\/p>\t\t\t\t\t\t<\/div>\n\t\t\t\t<\/div>\n\t\t\t\t\t<\/div>\n\t\t<\/div>\n\t\t\t\t\t<\/div>\n\t\t<\/section>\n\t\t\t\t<\/div>\n\t\t","protected":false},"excerpt":{"rendered":"<p>Artist statement Munk\u00e1ss\u00e1gomra \u00e1ltal\u00e1nosan jellemz\u0151 a pszich\u00e9 meg\u00e9rt\u00e9s\u00e9re val\u00f3 t\u00f6rekv\u00e9s az \u00e1lmok, f\u00e9lelmek \u00e9s a tudattalan vizu\u00e1lis megjelen\u00edt\u00e9se \u00e9s feldolgoz\u00e1sa \u00e1ltal. A grafika, a koll\u00e1zs \u00e9s az install\u00e1ci\u00f3 m\u00e9diumait haszn\u00e1lom.<\/p>\n","protected":false},"author":1,"featured_media":0,"parent":0,"menu_order":0,"comment_status":"closed","ping_status":"closed","template":"","meta":{"footnotes":""},"class_list":["post-212","page","type-page","status-publish","hentry"],"_links":{"self":[{"href":"https:\/\/hannatillmann.com\/index.php\/wp-json\/wp\/v2\/pages\/212","targetHints":{"allow":["GET"]}}],"collection":[{"href":"https:\/\/hannatillmann.com\/index.php\/wp-json\/wp\/v2\/pages"}],"about":[{"href":"https:\/\/hannatillmann.com\/index.php\/wp-json\/wp\/v2\/types\/page"}],"author":[{"embeddable":true,"href":"https:\/\/hannatillmann.com\/index.php\/wp-json\/wp\/v2\/users\/1"}],"replies":[{"embeddable":true,"href":"https:\/\/hannatillmann.com\/index.php\/wp-json\/wp\/v2\/comments?post=212"}],"version-history":[{"count":19,"href":"https:\/\/hannatillmann.com\/index.php\/wp-json\/wp\/v2\/pages\/212\/revisions"}],"predecessor-version":[{"id":341,"href":"https:\/\/hannatillmann.com\/index.php\/wp-json\/wp\/v2\/pages\/212\/revisions\/341"}],"wp:attachment":[{"href":"https:\/\/hannatillmann.com\/index.php\/wp-json\/wp\/v2\/media?parent=212"}],"curies":[{"name":"wp","href":"https:\/\/api.w.org\/{rel}","templated":true}]}}